{"id":15,"date":"2022-12-05T10:02:02","date_gmt":"2022-12-05T13:02:02","guid":{"rendered":"https:\/\/unrninvestigacion.wordpress.com\/?page_id=15"},"modified":"2022-12-05T10:02:02","modified_gmt":"2022-12-05T13:02:02","slug":"sobre-el-proyecto","status":"publish","type":"page","link":"https:\/\/cpca.unrn.edu.ar\/investigacion\/sobre-el-proyecto\/","title":{"rendered":"Sobre el proyecto"},"content":{"rendered":"\n<p>UNRN investigaciones es una serie de micros de divulgaci\u00f3n de diversos proyectos de investigaci\u00f3n de la <a rel=\"noreferrer noopener\" href=\"https:\/\/www.unrn.edu.ar\/home\" target=\"_blank\">Universidad Nacional de R\u00edo Negro<\/a>, realizados por el <a rel=\"noreferrer noopener\" href=\"https:\/\/cpcaunrn.wordpress.com\/\" target=\"_blank\">Centro de Producci\u00f3n de Contenidos Audiovisuales (CPCA)<\/a>.<\/p>\n","protected":false},"excerpt":{"rendered":"<p>UNRN investigaciones es una serie de micros de divulgaci\u00f3n de diversos proyectos de investigaci\u00f3n de la Universidad Nacional de R\u00edo Negro, realizados por el Centro de Producci\u00f3n de Contenidos Audiovisuales (CPCA).<\/p>\n","protected":false},"author":1,"featured_media":0,"parent":0,"menu_order":0,"comment_status":"closed","ping_status":"closed","template":"","meta":{"footnotes":""},"jetpack_sharing_enabled":true,"_links":{"self":[{"href":"https:\/\/cpca.unrn.edu.ar\/investigacion\/wp-json\/wp\/v2\/pages\/15"}],"collection":[{"href":"https:\/\/cpca.unrn.edu.ar\/investigacion\/wp-json\/wp\/v2\/pages"}],"about":[{"href":"https:\/\/cpca.unrn.edu.ar\/investigacion\/wp-json\/wp\/v2\/types\/page"}],"author":[{"embeddable":true,"href":"https:\/\/cpca.unrn.edu.ar\/investigacion\/wp-json\/wp\/v2\/users\/1"}],"replies":[{"embeddable":true,"href":"https:\/\/cpca.unrn.edu.ar\/investigacion\/wp-json\/wp\/v2\/comments?post=15"}],"version-history":[{"count":0,"href":"https:\/\/cpca.unrn.edu.ar\/investigacion\/wp-json\/wp\/v2\/pages\/15\/revisions"}],"wp:attachment":[{"href":"https:\/\/cpca.unrn.edu.ar\/investigacion\/wp-json\/wp\/v2\/media?parent=15"}],"curies":[{"name":"wp","href":"https:\/\/api.w.org\/{rel}","templated":true}]}}