{"id":17,"date":"2022-12-05T10:03:17","date_gmt":"2022-12-05T13:03:17","guid":{"rendered":"https:\/\/unrninvestigacion.wordpress.com\/?page_id=17"},"modified":"2022-12-05T10:03:17","modified_gmt":"2022-12-05T13:03:17","slug":"contacto","status":"publish","type":"page","link":"https:\/\/cpca.unrn.edu.ar\/investigacion\/contacto\/","title":{"rendered":"Contacto"},"content":{"rendered":"\n<p>Correo electr\u00f3nico: cpca(arroba)unrn.edu.ar<\/p>\n\n\n\n<p class=\"has-text-align-left\">Tel\u00e9fono:&nbsp;+54 294 474 6103&nbsp; <\/p>\n\n\n\n<p class=\"has-text-align-left\">Direcci\u00f3n: Villegas 147, Bariloche.<\/p>\n","protected":false},"excerpt":{"rendered":"<p>Correo electr\u00f3nico: cpca(arroba)unrn.edu.ar Tel\u00e9fono:&nbsp;+54 294 474 6103&nbsp; Direcci\u00f3n: Villegas 147, Bariloche.<\/p>\n","protected":false},"author":1,"featured_media":0,"parent":0,"menu_order":0,"comment_status":"closed","ping_status":"closed","template":"","meta":{"footnotes":""},"jetpack_sharing_enabled":true,"_links":{"self":[{"href":"https:\/\/cpca.unrn.edu.ar\/investigacion\/wp-json\/wp\/v2\/pages\/17"}],"collection":[{"href":"https:\/\/cpca.unrn.edu.ar\/investigacion\/wp-json\/wp\/v2\/pages"}],"about":[{"href":"https:\/\/cpca.unrn.edu.ar\/investigacion\/wp-json\/wp\/v2\/types\/page"}],"author":[{"embeddable":true,"href":"https:\/\/cpca.unrn.edu.ar\/investigacion\/wp-json\/wp\/v2\/users\/1"}],"replies":[{"embeddable":true,"href":"https:\/\/cpca.unrn.edu.ar\/investigacion\/wp-json\/wp\/v2\/comments?post=17"}],"version-history":[{"count":0,"href":"https:\/\/cpca.unrn.edu.ar\/investigacion\/wp-json\/wp\/v2\/pages\/17\/revisions"}],"wp:attachment":[{"href":"https:\/\/cpca.unrn.edu.ar\/investigacion\/wp-json\/wp\/v2\/media?parent=17"}],"curies":[{"name":"wp","href":"https:\/\/api.w.org\/{rel}","templated":true}]}}